{"id":3,"date":"2019-06-05T11:39:57","date_gmt":"2019-06-05T08:39:57","guid":{"rendered":"http:\/\/www.henrimajuri.fi\/?page_id=3"},"modified":"2019-11-21T14:28:45","modified_gmt":"2019-11-21T11:28:45","slug":"tietosuoja","status":"publish","type":"page","link":"https:\/\/www.henrimajuri.fi\/index.php\/tietosuoja\/","title":{"rendered":"Tietosuoja"},"content":{"rendered":"<p>[et_pb_section fb_built=&#8221;1&#8243; admin_label=&#8221;section&#8221; _builder_version=&#8221;3.22&#8243;][et_pb_row admin_label=&#8221;row&#8221; _builder_version=&#8221;3.25&#8243; background_size=&#8221;initial&#8221; background_position=&#8221;top_left&#8221; background_repeat=&#8221;repeat&#8221;][et_pb_column type=&#8221;4_4&#8243; _builder_version=&#8221;3.25&#8243; custom_padding=&#8221;|||&#8221; custom_padding__hover=&#8221;|||&#8221;][et_pb_text _builder_version=&#8221;4.0.3&#8243; text_orientation=&#8221;center&#8221;]<\/p>\n<h1>Tietosuoja<\/h1>\n<p>[\/et_pb_text][et_pb_divider show_divider=&#8221;off&#8221; _builder_version=&#8221;4.0.3&#8243;][\/et_pb_divider][et_pb_text _builder_version=&#8221;4.0.3&#8243;]<\/p>\n<p><strong>Rekisterin nimi<\/strong><\/p>\n<p>Henri Majurin yhteydenotto rekisteri<\/p>\n<p><strong>Rekisterin pit\u00e4j\u00e4<\/strong><\/p>\n<p>Henri Majuri<br \/>\nS\u00e4hk\u00f6postiosoite: henri@bo.fi<\/p>\n<p>&nbsp;<\/p>\n<p><strong>Rekisterin k\u00e4ytt\u00f6tarkoitus<\/strong><\/p>\n<p>Rekisteriseloste koskee sellaisten luonnollisten henkil\u00f6iden henkil\u00f6tietojen k\u00e4sittely\u00e4, jotka k\u00e4ytt\u00e4v\u00e4t rekisterinpit\u00e4j\u00e4 Henri Majurin Yhteydenottolomaketta. Rekisterinpit\u00e4j\u00e4 k\u00e4sittelee asiakkaiden henkil\u00f6tietoja seuraavia tarkoituksia varten:<\/p>\n<p>\u2013 Yhteydenottoihin.<br \/>\n\u2013 Arviointik\u00e4yntien j\u00e4rjest\u00e4miseen.<\/p>\n<p>&nbsp;<\/p>\n<p><strong>Rekisterin tietosis\u00e4lt\u00f6<\/strong><\/p>\n<p>Asiakkaista ker\u00e4t\u00e4\u00e4n ja tallennetaan seuraavat tiedot yhteydenottolomakkeen yhteydess\u00e4:<\/p>\n<p>\u2013 Henkil\u00f6n etu- ja sukunimi, puhelinnumero, s\u00e4hk\u00f6postiosoite. Ainoastaan asiakkaan itse antamat tiedot tallennetaan.<\/p>\n<p>&nbsp;<\/p>\n<p><strong>Rekisterin s\u00e4\u00e4nn\u00f6nmukaiset tietol\u00e4hteet<\/strong><\/p>\n<p>Asiakkaita koskevat tiedot saadaan asiakkaan suostumuksella asiakkaalta itselt\u00e4\u00e4n.<\/p>\n<p>&nbsp;<\/p>\n<p><strong>Tietojen luovutus<\/strong><\/p>\n<p>Asiakasrekisterin tiedot ovat ainoastaan Henri Majurin k\u00e4yt\u00f6ss\u00e4. Asiakkaiden henkil\u00f6tietoja ker\u00e4t\u00e4\u00e4n ainoastaan lomakkeen kautta eik\u00e4 rekisterin tietoja p\u00e4ivitet\u00e4 muista tietol\u00e4hteist\u00e4.<br \/>\nTietoja ei luovuteta ulkopuolisille henkil\u00f6ille tai organisaatioille. Henkil\u00f6tietoja k\u00e4sittelev\u00e4t Henri Majurin lis\u00e4ksi kotisivuja yll\u00e4pit\u00e4v\u00e4t henkil\u00f6t. Henkil\u00f6tietoja ei siirret\u00e4 Euroopan Unionin ulkopuolelle.<\/p>\n<p>&nbsp;<\/p>\n<p><strong>Rekisterin suojaus<\/strong><\/p>\n<p>Henkil\u00f6tiedot s\u00e4ilytet\u00e4\u00e4n luottamuksellisina. Tiedot sijaitsevat ulkopuolisen palveluntarjoajan palvelimella, joka on suojattu teknisesti palomuurilla. Aineisto on suojattu k\u00e4ytt\u00e4j\u00e4tunnuksilla ja salasanoilla, jotka ovat ainoastaan ty\u00f6teht\u00e4viens\u00e4 vuoksi rekisterin k\u00e4ytt\u00f6\u00f6n oikeutettujen henkil\u00f6iden hallussa.<\/p>\n<p>&nbsp;<\/p>\n<p><strong>Tarkastusoikeus<\/strong><\/p>\n<p>Asiakas voi tarkastaa h\u00e4nest\u00e4 rekisteriin tallennetut tiedot kirjallisella, Asiakkaan allekirjoittamalla pyynn\u00f6ll\u00e4, joka asiakkaan tulee toimittaa rekisrerin yll\u00e4pit\u00e4j\u00e4lle.<br \/>\nTarkastuspyynn\u00f6ss\u00e4 asiakkaan tulee ilmoittaa nimens\u00e4, osoitteensa ja puhelinnumeronsa.<\/p>\n<p>&nbsp;<\/p>\n<p><strong>Oikeus vaatia tiedon korjaamista<\/strong><\/p>\n<p>Pyynn\u00f6n virheellisen tiedon korjaamisesta voi tehd\u00e4 ottamalla yhteytt\u00e4 rekisterin yll\u00e4pit\u00e4j\u00e4\u00e4n. Asiakas voi halutessaan vaatia tietojen poistamista.<\/p>\n<p>&nbsp;<\/p>\n<p><strong>Tietoa ev\u00e4steiden k\u00e4yt\u00f6st\u00e4<\/strong><\/p>\n<p>K\u00e4yt\u00e4mme ev\u00e4steit\u00e4 sivuston toimivuuden takaamiseksi, k\u00e4vij\u00e4m\u00e4\u00e4rien mittaamiseen, sek\u00e4 sis\u00e4ll\u00f6n ja k\u00e4ytt\u00e4j\u00e4kokemuksen parantamiseen.<br \/>\nVoit halutessasi est\u00e4\u00e4 ev\u00e4steiden tallentamisen laitteellesi, rajoittaa niiden k\u00e4ytt\u00f6\u00e4 tai poistaa ev\u00e4steet selaimesi asetuksista. Ev\u00e4steiden k\u00e4yt\u00f6n rajoittaminen saattaa vaikuttaa verkkosivun k\u00e4ytett\u00e4vyyteen.<\/p>\n<p>[\/et_pb_text][\/et_pb_column][\/et_pb_row][\/et_pb_section]<\/p>\n","protected":false},"excerpt":{"rendered":"<p>[et_pb_section fb_built=&#8221;1&#8243; admin_label=&#8221;section&#8221; _builder_version=&#8221;3.22&#8243;][et_pb_row admin_label=&#8221;row&#8221; _builder_version=&#8221;3.25&#8243; background_size=&#8221;initial&#8221; background_position=&#8221;top_left&#8221; background_repeat=&#8221;repeat&#8221;][et_pb_column type=&#8221;4_4&#8243; _builder_version=&#8221;3.25&#8243; custom_padding=&#8221;|||&#8221; custom_padding__hover=&#8221;|||&#8221;][et_pb_text _builder_version=&#8221;4.0.3&#8243; text_orientation=&#8221;center&#8221;] Tietosuoja [\/et_pb_text][et_pb_divider show_divider=&#8221;off&#8221; _builder_version=&#8221;4.0.3&#8243;][\/et_pb_divider][et_pb_text _builder_version=&#8221;4.0.3&#8243;] Rekisterin nimi Henri Majurin yhteydenotto rekisteri Rekisterin pit\u00e4j\u00e4 Henri Majuri S\u00e4hk\u00f6postiosoite: henri@bo.fi &nbsp; Rekisterin k\u00e4ytt\u00f6tarkoitus Rekisteriseloste koskee sellaisten luonnollisten henkil\u00f6iden henkil\u00f6tietojen k\u00e4sittely\u00e4, jotka k\u00e4ytt\u00e4v\u00e4t rekisterinpit\u00e4j\u00e4 Henri Majurin Yhteydenottolomaketta. Rekisterinpit\u00e4j\u00e4 k\u00e4sittelee asiakkaiden henkil\u00f6tietoja seuraavia tarkoituksia varten: [&hellip;]<\/p>\n","protected":false},"author":2,"featured_media":0,"parent":0,"menu_order":0,"comment_status":"closed","ping_status":"closed","template":"","meta":{"_et_pb_use_builder":"on","_et_pb_old_content":"<!-- wp:heading --><h2>Who we are<\/h2><!-- \/wp:heading --><!-- wp:paragraph --><p>Our website address is: http:\/\/www.henrimajuri.fi.<\/p><!-- \/wp:paragraph --><!-- wp:heading --><h2>What personal data we collect and why we collect it<\/h2><!-- \/wp:heading --><!-- wp:heading {\"level\":3} --><h3>Comments<\/h3><!-- \/wp:heading --><!-- wp:paragraph --><p>When visitors leave comments on the site we collect the data shown in the comments form, and also the visitor&#8217;s IP address and browser user agent string to help spam detection.<\/p><!-- \/wp:paragraph --><!-- wp:paragraph --><p>An anonymized string created from your email address (also called a hash) may be provided to the Gravatar service to see if you are using it. The Gravatar service privacy policy is available here: https:\/\/automattic.com\/privacy\/. After approval of your comment, your profile picture is visible to the public in the context of your comment.<\/p><!-- \/wp:paragraph --><!-- wp:heading {\"level\":3} --><h3>Media<\/h3><!-- \/wp:heading --><!-- wp:paragraph --><p>If you upload images to the website, you should avoid uploading images with embedded location data (EXIF GPS) included. Visitors to the website can download and extract any location data from images on the website.<\/p><!-- \/wp:paragraph --><!-- wp:heading {\"level\":3} --><h3>Contact forms<\/h3><!-- \/wp:heading --><!-- wp:heading {\"level\":3} --><h3>Cookies<\/h3><!-- \/wp:heading --><!-- wp:paragraph --><p>If you leave a comment on our site you may opt-in to saving your name, email address and website in cookies. These are for your convenience so that you do not have to fill in your details again when you leave another comment. These cookies will last for one year.<\/p><!-- \/wp:paragraph --><!-- wp:paragraph --><p>If you visit our login page, we will set a temporary cookie to determine if your browser accepts cookies. This cookie contains no personal data and is discarded when you close your browser.<\/p><!-- \/wp:paragraph --><!-- wp:paragraph --><p>When you log in, we will also set up several cookies to save your login information and your screen display choices. Login cookies last for two days, and screen options cookies last for a year. If you select &quot;Remember Me&quot;, your login will persist for two weeks. If you log out of your account, the login cookies will be removed.<\/p><!-- \/wp:paragraph --><!-- wp:paragraph --><p>If you edit or publish an article, an additional cookie will be saved in your browser. This cookie includes no personal data and simply indicates the post ID of the article you just edited. It expires after 1 day.<\/p><!-- \/wp:paragraph --><!-- wp:heading {\"level\":3} --><h3>Embedded content from other websites<\/h3><!-- \/wp:heading --><!-- wp:paragraph --><p>Articles on this site may include embedded content (e.g. videos, images, articles, etc.). Embedded content from other websites behaves in the exact same way as if the visitor has visited the other website.<\/p><!-- \/wp:paragraph --><!-- wp:paragraph --><p>These websites may collect data about you, use cookies, embed additional third-party tracking, and monitor your interaction with that embedded content, including tracking your interaction with the embedded content if you have an account and are logged in to that website.<\/p><!-- \/wp:paragraph --><!-- wp:heading {\"level\":3} --><h3>Analytics<\/h3><!-- \/wp:heading --><!-- wp:heading --><h2>Who we share your data with<\/h2><!-- \/wp:heading --><!-- wp:heading --><h2>How long we retain your data<\/h2><!-- \/wp:heading --><!-- wp:paragraph --><p>If you leave a comment, the comment and its metadata are retained indefinitely. This is so we can recognize and approve any follow-up comments automatically instead of holding them in a moderation queue.<\/p><!-- \/wp:paragraph --><!-- wp:paragraph --><p>For users that register on our website (if any), we also store the personal information they provide in their user profile. All users can see, edit, or delete their personal information at any time (except they cannot change their username). Website administrators can also see and edit that information.<\/p><!-- \/wp:paragraph --><!-- wp:heading --><h2>What rights you have over your data<\/h2><!-- \/wp:heading --><!-- wp:paragraph --><p>If you have an account on this site, or have left comments, you can request to receive an exported file of the personal data we hold about you, including any data you have provided to us. You can also request that we erase any personal data we hold about you. This does not include any data we are obliged to keep for administrative, legal, or security purposes.<\/p><!-- \/wp:paragraph --><!-- wp:heading --><h2>Where we send your data<\/h2><!-- \/wp:heading --><!-- wp:paragraph --><p>Visitor comments may be checked through an automated spam detection service.<\/p><!-- \/wp:paragraph --><!-- wp:heading --><h2>Your contact information<\/h2><!-- \/wp:heading --><!-- wp:heading --><h2>Additional information<\/h2><!-- \/wp:heading --><!-- wp:heading {\"level\":3} --><h3>How we protect your data<\/h3><!-- \/wp:heading --><!-- wp:heading {\"level\":3} --><h3>What data breach procedures we have in place<\/h3><!-- \/wp:heading --><!-- wp:heading {\"level\":3} --><h3>What third parties we receive data from<\/h3><!-- \/wp:heading --><!-- wp:heading {\"level\":3} --><h3>What automated decision making and\/or profiling we do with user data<\/h3><!-- \/wp:heading --><!-- wp:heading {\"level\":3} --><h3>Industry regulatory disclosure requirements<\/h3><!-- \/wp:heading -->","_et_gb_content_width":""},"yoast_head":"<!-- This site is optimized with the Yoast SEO plugin v20.1 - https:\/\/yoast.com\/wordpress\/plugins\/seo\/ -->\n<title>Tietosuoja - Henri Majuri<\/title>\n<meta name=\"robots\" content=\"index, follow, max-snippet:-1, max-image-preview:large, max-video-preview:-1\" \/>\n<link rel=\"canonical\" href=\"https:\/\/www.henrimajuri.fi\/index.php\/tietosuoja\/\" \/>\n<meta property=\"og:locale\" content=\"fi_FI\" \/>\n<meta property=\"og:type\" content=\"article\" \/>\n<meta property=\"og:title\" content=\"Tietosuoja - Henri Majuri\" \/>\n<meta property=\"og:description\" content=\"[et_pb_section fb_built=&#8221;1&#8243; admin_label=&#8221;section&#8221; _builder_version=&#8221;3.22&#8243;][et_pb_row admin_label=&#8221;row&#8221; _builder_version=&#8221;3.25&#8243; background_size=&#8221;initial&#8221; background_position=&#8221;top_left&#8221; background_repeat=&#8221;repeat&#8221;][et_pb_column type=&#8221;4_4&#8243; _builder_version=&#8221;3.25&#8243; custom_padding=&#8221;|||&#8221; custom_padding__hover=&#8221;|||&#8221;][et_pb_text _builder_version=&#8221;4.0.3&#8243; text_orientation=&#8221;center&#8221;] Tietosuoja [\/et_pb_text][et_pb_divider show_divider=&#8221;off&#8221; _builder_version=&#8221;4.0.3&#8243;][\/et_pb_divider][et_pb_text _builder_version=&#8221;4.0.3&#8243;] Rekisterin nimi Henri Majurin yhteydenotto rekisteri Rekisterin pit\u00e4j\u00e4 Henri Majuri S\u00e4hk\u00f6postiosoite: henri@bo.fi &nbsp; Rekisterin k\u00e4ytt\u00f6tarkoitus Rekisteriseloste koskee sellaisten luonnollisten henkil\u00f6iden henkil\u00f6tietojen k\u00e4sittely\u00e4, jotka k\u00e4ytt\u00e4v\u00e4t rekisterinpit\u00e4j\u00e4 Henri Majurin Yhteydenottolomaketta. Rekisterinpit\u00e4j\u00e4 k\u00e4sittelee asiakkaiden henkil\u00f6tietoja seuraavia tarkoituksia varten: [&hellip;]\" \/>\n<meta property=\"og:url\" content=\"https:\/\/www.henrimajuri.fi\/index.php\/tietosuoja\/\" \/>\n<meta property=\"og:site_name\" content=\"Henri Majuri\" \/>\n<meta property=\"article:modified_time\" content=\"2019-11-21T11:28:45+00:00\" \/>\n<meta name=\"twitter:card\" content=\"summary_large_image\" \/>\n<meta name=\"twitter:label1\" content=\"Arvioitu lukuaika\" \/>\n\t<meta name=\"twitter:data1\" content=\"2 minuuttia\" \/>\n<script type=\"application\/ld+json\" class=\"yoast-schema-graph\">{\"@context\":\"https:\/\/schema.org\",\"@graph\":[{\"@type\":\"WebPage\",\"@id\":\"https:\/\/www.henrimajuri.fi\/index.php\/tietosuoja\/\",\"url\":\"https:\/\/www.henrimajuri.fi\/index.php\/tietosuoja\/\",\"name\":\"Tietosuoja - Henri Majuri\",\"isPartOf\":{\"@id\":\"https:\/\/www.henrimajuri.fi\/#website\"},\"datePublished\":\"2019-06-05T08:39:57+00:00\",\"dateModified\":\"2019-11-21T11:28:45+00:00\",\"breadcrumb\":{\"@id\":\"https:\/\/www.henrimajuri.fi\/index.php\/tietosuoja\/#breadcrumb\"},\"inLanguage\":\"fi\",\"potentialAction\":[{\"@type\":\"ReadAction\",\"target\":[\"https:\/\/www.henrimajuri.fi\/index.php\/tietosuoja\/\"]}]},{\"@type\":\"BreadcrumbList\",\"@id\":\"https:\/\/www.henrimajuri.fi\/index.php\/tietosuoja\/#breadcrumb\",\"itemListElement\":[{\"@type\":\"ListItem\",\"position\":1,\"name\":\"Etusivu\",\"item\":\"https:\/\/www.henrimajuri.fi\/\"},{\"@type\":\"ListItem\",\"position\":2,\"name\":\"Tietosuoja\"}]},{\"@type\":\"WebSite\",\"@id\":\"https:\/\/www.henrimajuri.fi\/#website\",\"url\":\"https:\/\/www.henrimajuri.fi\/\",\"name\":\"Henri Majuri\",\"description\":\"Bo LKV Tampere\",\"potentialAction\":[{\"@type\":\"SearchAction\",\"target\":{\"@type\":\"EntryPoint\",\"urlTemplate\":\"https:\/\/www.henrimajuri.fi\/?s={search_term_string}\"},\"query-input\":\"required name=search_term_string\"}],\"inLanguage\":\"fi\"}]}<\/script>\n<!-- \/ Yoast SEO plugin. -->","yoast_head_json":{"title":"Tietosuoja - Henri Majuri","robots":{"index":"index","follow":"follow","max-snippet":"max-snippet:-1","max-image-preview":"max-image-preview:large","max-video-preview":"max-video-preview:-1"},"canonical":"https:\/\/www.henrimajuri.fi\/index.php\/tietosuoja\/","og_locale":"fi_FI","og_type":"article","og_title":"Tietosuoja - Henri Majuri","og_description":"[et_pb_section fb_built=&#8221;1&#8243; admin_label=&#8221;section&#8221; _builder_version=&#8221;3.22&#8243;][et_pb_row admin_label=&#8221;row&#8221; _builder_version=&#8221;3.25&#8243; background_size=&#8221;initial&#8221; background_position=&#8221;top_left&#8221; background_repeat=&#8221;repeat&#8221;][et_pb_column type=&#8221;4_4&#8243; _builder_version=&#8221;3.25&#8243; custom_padding=&#8221;|||&#8221; custom_padding__hover=&#8221;|||&#8221;][et_pb_text _builder_version=&#8221;4.0.3&#8243; text_orientation=&#8221;center&#8221;] Tietosuoja [\/et_pb_text][et_pb_divider show_divider=&#8221;off&#8221; _builder_version=&#8221;4.0.3&#8243;][\/et_pb_divider][et_pb_text _builder_version=&#8221;4.0.3&#8243;] Rekisterin nimi Henri Majurin yhteydenotto rekisteri Rekisterin pit\u00e4j\u00e4 Henri Majuri S\u00e4hk\u00f6postiosoite: henri@bo.fi &nbsp; Rekisterin k\u00e4ytt\u00f6tarkoitus Rekisteriseloste koskee sellaisten luonnollisten henkil\u00f6iden henkil\u00f6tietojen k\u00e4sittely\u00e4, jotka k\u00e4ytt\u00e4v\u00e4t rekisterinpit\u00e4j\u00e4 Henri Majurin Yhteydenottolomaketta. Rekisterinpit\u00e4j\u00e4 k\u00e4sittelee asiakkaiden henkil\u00f6tietoja seuraavia tarkoituksia varten: [&hellip;]","og_url":"https:\/\/www.henrimajuri.fi\/index.php\/tietosuoja\/","og_site_name":"Henri Majuri","article_modified_time":"2019-11-21T11:28:45+00:00","twitter_card":"summary_large_image","twitter_misc":{"Arvioitu lukuaika":"2 minuuttia"},"schema":{"@context":"https:\/\/schema.org","@graph":[{"@type":"WebPage","@id":"https:\/\/www.henrimajuri.fi\/index.php\/tietosuoja\/","url":"https:\/\/www.henrimajuri.fi\/index.php\/tietosuoja\/","name":"Tietosuoja - Henri Majuri","isPartOf":{"@id":"https:\/\/www.henrimajuri.fi\/#website"},"datePublished":"2019-06-05T08:39:57+00:00","dateModified":"2019-11-21T11:28:45+00:00","breadcrumb":{"@id":"https:\/\/www.henrimajuri.fi\/index.php\/tietosuoja\/#breadcrumb"},"inLanguage":"fi","potentialAction":[{"@type":"ReadAction","target":["https:\/\/www.henrimajuri.fi\/index.php\/tietosuoja\/"]}]},{"@type":"BreadcrumbList","@id":"https:\/\/www.henrimajuri.fi\/index.php\/tietosuoja\/#breadcrumb","itemListElement":[{"@type":"ListItem","position":1,"name":"Etusivu","item":"https:\/\/www.henrimajuri.fi\/"},{"@type":"ListItem","position":2,"name":"Tietosuoja"}]},{"@type":"WebSite","@id":"https:\/\/www.henrimajuri.fi\/#website","url":"https:\/\/www.henrimajuri.fi\/","name":"Henri Majuri","description":"Bo LKV Tampere","potentialAction":[{"@type":"SearchAction","target":{"@type":"EntryPoint","urlTemplate":"https:\/\/www.henrimajuri.fi\/?s={search_term_string}"},"query-input":"required name=search_term_string"}],"inLanguage":"fi"}]}},"_links":{"self":[{"href":"https:\/\/www.henrimajuri.fi\/index.php\/wp-json\/wp\/v2\/pages\/3"}],"collection":[{"href":"https:\/\/www.henrimajuri.fi\/index.php\/wp-json\/wp\/v2\/pages"}],"about":[{"href":"https:\/\/www.henrimajuri.fi\/index.php\/wp-json\/wp\/v2\/types\/page"}],"author":[{"embeddable":true,"href":"https:\/\/www.henrimajuri.fi\/index.php\/wp-json\/wp\/v2\/users\/2"}],"replies":[{"embeddable":true,"href":"https:\/\/www.henrimajuri.fi\/index.php\/wp-json\/wp\/v2\/comments?post=3"}],"version-history":[{"count":6,"href":"https:\/\/www.henrimajuri.fi\/index.php\/wp-json\/wp\/v2\/pages\/3\/revisions"}],"predecessor-version":[{"id":649,"href":"https:\/\/www.henrimajuri.fi\/index.php\/wp-json\/wp\/v2\/pages\/3\/revisions\/649"}],"wp:attachment":[{"href":"https:\/\/www.henrimajuri.fi\/index.php\/wp-json\/wp\/v2\/media?parent=3"}],"curies":[{"name":"wp","href":"https:\/\/api.w.org\/{rel}","templated":true}]}}