{"id":631,"date":"2019-11-11T19:06:29","date_gmt":"2019-11-11T16:06:29","guid":{"rendered":"https:\/\/www.henrimajuri.fi\/?page_id=631"},"modified":"2019-11-21T14:11:05","modified_gmt":"2019-11-21T11:11:05","slug":"ota-yhteytta","status":"publish","type":"page","link":"https:\/\/www.henrimajuri.fi\/index.php\/ota-yhteytta\/","title":{"rendered":"OTA YHTEYTT\u00c4"},"content":{"rendered":"\n\n[et_pb_section fb_built=&#8221;1&#8243; _builder_version=&#8221;4.0.3&#8243;][et_pb_row _builder_version=&#8221;4.0.3&#8243;][et_pb_column type=&#8221;4_4&#8243; _builder_version=&#8221;4.0.3&#8243;][et_pb_text _builder_version=&#8221;4.0.3&#8243; text_text_color=&#8221;rgba(70,69,69,0.8)&#8221; header_font=&#8221;Gotham Book||||||||&#8221; width_phone=&#8221;100%&#8221; width_last_edited=&#8221;off|phone&#8221;]<h2 class=\"bold\" style=\"text-align: center;\">VARAA MAKSUTON ARVIOINTIK\u00c4YNTI MINULTA<\/h2>\n<p style=\"text-align: center;\">T\u00e4hdell\u00e4 merkityt kohdat ovat pakollisia.<\/p>\n<p>&nbsp;<\/p>[\/et_pb_text][et_pb_contact_form captcha=&#8221;off&#8221; email=&#8221;henri@bo.fi&#8221; custom_message=&#8221;Nimi &#8211; %%name%% ||et_pb_line_break_holder||sposti &#8211; %%email%%||et_pb_line_break_holder||Numero &#8211; %%number%%||et_pb_line_break_holder||Viesti &#8211; %%message%%&#8221; success_message=&#8221;Kiitos yhteydenotosta!&#8221; submit_button_text=&#8221;L\u00e4het\u00e4&#8221; admin_label=&#8221;Yhteydenottolomake&#8221; _builder_version=&#8221;4.0.3&#8243; form_field_text_color=&#8221;rgba(0,0,0,0.8)&#8221; form_field_focus_text_color=&#8221;rgba(0,0,0,0.8)&#8221; title_font=&#8221;Gotham Book||||||||&#8221; title_font_size=&#8221;26px&#8221; form_field_font=&#8221;Gotham Book||||||||&#8221; form_field_font_size=&#8221;14px&#8221; background_enable_color=&#8221;off&#8221; custom_button=&#8221;on&#8221; button_text_size=&#8221;16px&#8221; button_text_color=&#8221;rgba(0,0,0,0.8)&#8221; button_bg_color=&#8221;#f0d2d2&#8243; button_border_width=&#8221;0px&#8221; button_border_radius=&#8221;0px&#8221; button_icon=&#8221;%%20%%&#8221; button_icon_color=&#8221;#000000&#8243; text_orientation=&#8221;left&#8221; width_phone=&#8221;95%&#8221; width_last_edited=&#8221;off|phone&#8221; button_bg_color__hover_enabled=&#8221;off|hover&#8221; button_bg_color__hover=&#8221;#464545&#8243; button_bg_enable_color__hover=&#8221;on&#8221; button_text_color__hover_enabled=&#8221;off|hover&#8221; button_text_color__hover=&#8221;#ffffff&#8221;][et_pb_contact_field field_id=&#8221;Name&#8221; field_title=&#8221;Nimi*&#8221; fullwidth_field=&#8221;on&#8221; _builder_version=&#8221;4.0.3&#8243; form_field_background_color=&#8221;#f0d2d2&#8243; form_field_text_color=&#8221;#000000&#8243;][\/et_pb_contact_field][et_pb_contact_field field_id=&#8221;Number&#8221; field_title=&#8221;Puhelinnumero&#8221; _builder_version=&#8221;4.0.3&#8243; form_field_background_color=&#8221;#f0d2d2&#8243; form_field_text_color=&#8221;#000000&#8243; form_field_focus_text_color=&#8221;#000000&#8243; background_enable_color=&#8221;off&#8221; button_text_size__hover_enabled=&#8221;off&#8221; button_one_text_size__hover_enabled=&#8221;off&#8221; button_two_text_size__hover_enabled=&#8221;off&#8221; button_text_color__hover_enabled=&#8221;off&#8221; button_one_text_color__hover_enabled=&#8221;off&#8221; button_two_text_color__hover_enabled=&#8221;off&#8221; button_border_width__hover_enabled=&#8221;off&#8221; button_one_border_width__hover_enabled=&#8221;off&#8221; button_two_border_width__hover_enabled=&#8221;off&#8221; button_border_color__hover_enabled=&#8221;off&#8221; button_one_border_color__hover_enabled=&#8221;off&#8221; button_two_border_color__hover_enabled=&#8221;off&#8221; button_border_radius__hover_enabled=&#8221;off&#8221; button_one_border_radius__hover_enabled=&#8221;off&#8221; button_two_border_radius__hover_enabled=&#8221;off&#8221; button_letter_spacing__hover_enabled=&#8221;off&#8221; button_one_letter_spacing__hover_enabled=&#8221;off&#8221; button_two_letter_spacing__hover_enabled=&#8221;off&#8221; button_bg_color__hover_enabled=&#8221;off&#8221; button_one_bg_color__hover_enabled=&#8221;off&#8221; button_two_bg_color__hover_enabled=&#8221;off&#8221;][\/et_pb_contact_field][et_pb_contact_field field_id=&#8221;S\u00e4hk\u00f6posti&#8221; field_title=&#8221;S\u00e4hk\u00f6postiosoite*&#8221; field_type=&#8221;email&#8221; _builder_version=&#8221;4.0.3&#8243; form_field_background_color=&#8221;#f0d2d2&#8243; form_field_text_color=&#8221;#000000&#8243; button_text_size__hover_enabled=&#8221;off&#8221; button_one_text_size__hover_enabled=&#8221;off&#8221; button_two_text_size__hover_enabled=&#8221;off&#8221; button_text_color__hover_enabled=&#8221;off&#8221; button_one_text_color__hover_enabled=&#8221;off&#8221; button_two_text_color__hover_enabled=&#8221;off&#8221; button_border_width__hover_enabled=&#8221;off&#8221; button_one_border_width__hover_enabled=&#8221;off&#8221; button_two_border_width__hover_enabled=&#8221;off&#8221; button_border_color__hover_enabled=&#8221;off&#8221; button_one_border_color__hover_enabled=&#8221;off&#8221; button_two_border_color__hover_enabled=&#8221;off&#8221; button_border_radius__hover_enabled=&#8221;off&#8221; button_one_border_radius__hover_enabled=&#8221;off&#8221; button_two_border_radius__hover_enabled=&#8221;off&#8221; button_letter_spacing__hover_enabled=&#8221;off&#8221; button_one_letter_spacing__hover_enabled=&#8221;off&#8221; button_two_letter_spacing__hover_enabled=&#8221;off&#8221; button_bg_color__hover_enabled=&#8221;off&#8221; button_one_bg_color__hover_enabled=&#8221;off&#8221; button_two_bg_color__hover_enabled=&#8221;off&#8221;][\/et_pb_contact_field][et_pb_contact_field field_id=&#8221;Viesti&#8221; field_title=&#8221;Viesti*&#8221; field_type=&#8221;text&#8221; fullwidth_field=&#8221;on&#8221; _builder_version=&#8221;4.0.3&#8243; form_field_background_color=&#8221;#f0d2d2&#8243; form_field_text_color=&#8221;#000000&#8243; button_text_size__hover_enabled=&#8221;off&#8221; button_one_text_size__hover_enabled=&#8221;off&#8221; button_two_text_size__hover_enabled=&#8221;off&#8221; button_text_color__hover_enabled=&#8221;off&#8221; button_one_text_color__hover_enabled=&#8221;off&#8221; button_two_text_color__hover_enabled=&#8221;off&#8221; button_border_width__hover_enabled=&#8221;off&#8221; button_one_border_width__hover_enabled=&#8221;off&#8221; button_two_border_width__hover_enabled=&#8221;off&#8221; button_border_color__hover_enabled=&#8221;off&#8221; button_one_border_color__hover_enabled=&#8221;off&#8221; button_two_border_color__hover_enabled=&#8221;off&#8221; button_border_radius__hover_enabled=&#8221;off&#8221; button_one_border_radius__hover_enabled=&#8221;off&#8221; button_two_border_radius__hover_enabled=&#8221;off&#8221; button_letter_spacing__hover_enabled=&#8221;off&#8221; button_one_letter_spacing__hover_enabled=&#8221;off&#8221; button_two_letter_spacing__hover_enabled=&#8221;off&#8221; button_bg_color__hover_enabled=&#8221;off&#8221; button_one_bg_color__hover_enabled=&#8221;off&#8221; button_two_bg_color__hover_enabled=&#8221;off&#8221;][\/et_pb_contact_field][\/et_pb_contact_form][\/et_pb_column][\/et_pb_row][et_pb_row _builder_version=&#8221;4.0.3&#8243;][et_pb_column type=&#8221;4_4&#8243; _builder_version=&#8221;4.0.3&#8243;][et_pb_button button_url=&#8221;@ET-DC@eyJkeW5hbWljIjp0cnVlLCJjb250ZW50IjoicG9zdF9saW5rX3VybF9wYWdlIiwic2V0dGluZ3MiOnsicG9zdF9pZCI6IjIwIn19@&#8221; button_text=&#8221;TAKAISIN ETUSIVULLE&#8221; button_alignment=&#8221;center&#8221; _builder_version=&#8221;4.0.3&#8243; _dynamic_attributes=&#8221;button_url&#8221; custom_button=&#8221;on&#8221; button_text_color=&#8221;#000000&#8243; button_border_width=&#8221;2px&#8221; button_border_radius=&#8221;3px&#8221; button_font=&#8221;Gotham Bold||||||||&#8221; button_icon=&#8221;%%36%%&#8221; hover_enabled=&#8221;0&#8243;][\/et_pb_button][\/et_pb_column][\/et_pb_row][\/et_pb_section]\n\n","protected":false},"excerpt":{"rendered":"","protected":false},"author":2,"featured_media":0,"parent":0,"menu_order":0,"comment_status":"closed","ping_status":"closed","template":"","meta":{"_et_pb_use_builder":"on","_et_pb_old_content":"","_et_gb_content_width":""},"yoast_head":"<!-- This site is optimized with the Yoast SEO plugin v20.1 - https:\/\/yoast.com\/wordpress\/plugins\/seo\/ -->\n<title>OTA YHTEYTT\u00c4 - Henri Majuri<\/title>\n<meta name=\"robots\" content=\"index, follow, max-snippet:-1, max-image-preview:large, max-video-preview:-1\" \/>\n<link rel=\"canonical\" href=\"https:\/\/www.henrimajuri.fi\/index.php\/ota-yhteytta\/\" \/>\n<meta property=\"og:locale\" content=\"fi_FI\" \/>\n<meta property=\"og:type\" content=\"article\" \/>\n<meta property=\"og:title\" content=\"OTA YHTEYTT\u00c4 - Henri Majuri\" \/>\n<meta property=\"og:url\" content=\"https:\/\/www.henrimajuri.fi\/index.php\/ota-yhteytta\/\" \/>\n<meta property=\"og:site_name\" content=\"Henri Majuri\" \/>\n<meta property=\"article:modified_time\" content=\"2019-11-21T11:11:05+00:00\" \/>\n<meta name=\"twitter:card\" content=\"summary_large_image\" \/>\n<meta name=\"twitter:label1\" content=\"Arvioitu lukuaika\" \/>\n\t<meta name=\"twitter:data1\" content=\"4 minuuttia\" \/>\n<script type=\"application\/ld+json\" class=\"yoast-schema-graph\">{\"@context\":\"https:\/\/schema.org\",\"@graph\":[{\"@type\":\"WebPage\",\"@id\":\"https:\/\/www.henrimajuri.fi\/index.php\/ota-yhteytta\/\",\"url\":\"https:\/\/www.henrimajuri.fi\/index.php\/ota-yhteytta\/\",\"name\":\"OTA YHTEYTT\u00c4 - Henri Majuri\",\"isPartOf\":{\"@id\":\"https:\/\/www.henrimajuri.fi\/#website\"},\"datePublished\":\"2019-11-11T16:06:29+00:00\",\"dateModified\":\"2019-11-21T11:11:05+00:00\",\"breadcrumb\":{\"@id\":\"https:\/\/www.henrimajuri.fi\/index.php\/ota-yhteytta\/#breadcrumb\"},\"inLanguage\":\"fi\",\"potentialAction\":[{\"@type\":\"ReadAction\",\"target\":[\"https:\/\/www.henrimajuri.fi\/index.php\/ota-yhteytta\/\"]}]},{\"@type\":\"BreadcrumbList\",\"@id\":\"https:\/\/www.henrimajuri.fi\/index.php\/ota-yhteytta\/#breadcrumb\",\"itemListElement\":[{\"@type\":\"ListItem\",\"position\":1,\"name\":\"Etusivu\",\"item\":\"https:\/\/www.henrimajuri.fi\/\"},{\"@type\":\"ListItem\",\"position\":2,\"name\":\"OTA YHTEYTT\u00c4\"}]},{\"@type\":\"WebSite\",\"@id\":\"https:\/\/www.henrimajuri.fi\/#website\",\"url\":\"https:\/\/www.henrimajuri.fi\/\",\"name\":\"Henri Majuri\",\"description\":\"Bo LKV Tampere\",\"potentialAction\":[{\"@type\":\"SearchAction\",\"target\":{\"@type\":\"EntryPoint\",\"urlTemplate\":\"https:\/\/www.henrimajuri.fi\/?s={search_term_string}\"},\"query-input\":\"required name=search_term_string\"}],\"inLanguage\":\"fi\"}]}<\/script>\n<!-- \/ Yoast SEO plugin. -->","yoast_head_json":{"title":"OTA YHTEYTT\u00c4 - Henri Majuri","robots":{"index":"index","follow":"follow","max-snippet":"max-snippet:-1","max-image-preview":"max-image-preview:large","max-video-preview":"max-video-preview:-1"},"canonical":"https:\/\/www.henrimajuri.fi\/index.php\/ota-yhteytta\/","og_locale":"fi_FI","og_type":"article","og_title":"OTA YHTEYTT\u00c4 - Henri Majuri","og_url":"https:\/\/www.henrimajuri.fi\/index.php\/ota-yhteytta\/","og_site_name":"Henri Majuri","article_modified_time":"2019-11-21T11:11:05+00:00","twitter_card":"summary_large_image","twitter_misc":{"Arvioitu lukuaika":"4 minuuttia"},"schema":{"@context":"https:\/\/schema.org","@graph":[{"@type":"WebPage","@id":"https:\/\/www.henrimajuri.fi\/index.php\/ota-yhteytta\/","url":"https:\/\/www.henrimajuri.fi\/index.php\/ota-yhteytta\/","name":"OTA YHTEYTT\u00c4 - Henri Majuri","isPartOf":{"@id":"https:\/\/www.henrimajuri.fi\/#website"},"datePublished":"2019-11-11T16:06:29+00:00","dateModified":"2019-11-21T11:11:05+00:00","breadcrumb":{"@id":"https:\/\/www.henrimajuri.fi\/index.php\/ota-yhteytta\/#breadcrumb"},"inLanguage":"fi","potentialAction":[{"@type":"ReadAction","target":["https:\/\/www.henrimajuri.fi\/index.php\/ota-yhteytta\/"]}]},{"@type":"BreadcrumbList","@id":"https:\/\/www.henrimajuri.fi\/index.php\/ota-yhteytta\/#breadcrumb","itemListElement":[{"@type":"ListItem","position":1,"name":"Etusivu","item":"https:\/\/www.henrimajuri.fi\/"},{"@type":"ListItem","position":2,"name":"OTA YHTEYTT\u00c4"}]},{"@type":"WebSite","@id":"https:\/\/www.henrimajuri.fi\/#website","url":"https:\/\/www.henrimajuri.fi\/","name":"Henri Majuri","description":"Bo LKV Tampere","potentialAction":[{"@type":"SearchAction","target":{"@type":"EntryPoint","urlTemplate":"https:\/\/www.henrimajuri.fi\/?s={search_term_string}"},"query-input":"required name=search_term_string"}],"inLanguage":"fi"}]}},"_links":{"self":[{"href":"https:\/\/www.henrimajuri.fi\/index.php\/wp-json\/wp\/v2\/pages\/631"}],"collection":[{"href":"https:\/\/www.henrimajuri.fi\/index.php\/wp-json\/wp\/v2\/pages"}],"about":[{"href":"https:\/\/www.henrimajuri.fi\/index.php\/wp-json\/wp\/v2\/types\/page"}],"author":[{"embeddable":true,"href":"https:\/\/www.henrimajuri.fi\/index.php\/wp-json\/wp\/v2\/users\/2"}],"replies":[{"embeddable":true,"href":"https:\/\/www.henrimajuri.fi\/index.php\/wp-json\/wp\/v2\/comments?post=631"}],"version-history":[{"count":4,"href":"https:\/\/www.henrimajuri.fi\/index.php\/wp-json\/wp\/v2\/pages\/631\/revisions"}],"predecessor-version":[{"id":645,"href":"https:\/\/www.henrimajuri.fi\/index.php\/wp-json\/wp\/v2\/pages\/631\/revisions\/645"}],"wp:attachment":[{"href":"https:\/\/www.henrimajuri.fi\/index.php\/wp-json\/wp\/v2\/media?parent=631"}],"curies":[{"name":"wp","href":"https:\/\/api.w.org\/{rel}","templated":true}]}}